{"id":394,"date":"2026-02-17T12:07:34","date_gmt":"2026-02-17T15:07:34","guid":{"rendered":"https:\/\/leondelmonte.cl\/nueva\/?page_id=394"},"modified":"2026-02-19T07:44:15","modified_gmt":"2026-02-19T10:44:15","slug":"home-2","status":"publish","type":"page","link":"https:\/\/leondelmonte.cl\/en\/home-2\/","title":{"rendered":"Home 2"},"content":{"rendered":"<p>[et_pb_section fb_built=\u00bb1&#8243; admin_label=\u00bbsection\u00bb _builder_version=\u00bb4.27.5&#8243; background_color=\u00bb#f2f2f2&#8243; z_index=\u00bb1&#8243; custom_margin=\u00bb||||false|false\u00bb custom_padding=\u00bb||25px||false|false\u00bb global_colors_info=\u00bb{}\u00bb][et_pb_row admin_label=\u00bbrow\u00bb _builder_version=\u00bb4.27.5&#8243; background_size=\u00bbinitial\u00bb background_position=\u00bbtop_left\u00bb background_repeat=\u00bbrepeat\u00bb width=\u00bb95%\u00bb max_width=\u00bb600px\u00bb global_colors_info=\u00bb{}\u00bb][et_pb_column type=\u00bb4_4&#8243; _builder_version=\u00bb4.16&#8243; custom_padding=\u00bb|||\u00bb global_colors_info=\u00bb{}\u00bb custom_padding__hover=\u00bb|||\u00bb][et_pb_code _builder_version=\u00bb4.27.5&#8243; _module_preset=\u00bbdefault\u00bb global_colors_info=\u00bb{}\u00bb][\/et_pb_code][\/et_pb_column][\/et_pb_row][\/et_pb_section][et_pb_section fb_built=\u00bb1&#8243; admin_label=\u00bbsection\u00bb _builder_version=\u00bb4.27.5&#8243; background_color=\u00bb#f2f2f2&#8243; custom_padding=\u00bb0px||||false|false\u00bb global_colors_info=\u00bb{}\u00bb][et_pb_row admin_label=\u00bbrow\u00bb _builder_version=\u00bb4.27.5&#8243; background_size=\u00bbinitial\u00bb background_position=\u00bbtop_left\u00bb background_repeat=\u00bbrepeat\u00bb custom_padding=\u00bb0px||||false|false\u00bb global_colors_info=\u00bb{}\u00bb][et_pb_column type=\u00bb4_4&#8243; _builder_version=\u00bb4.16&#8243; custom_padding=\u00bb|||\u00bb global_colors_info=\u00bb{}\u00bb custom_padding__hover=\u00bb|||\u00bb][et_pb_text _builder_version=\u00bb4.27.5&#8243; _module_preset=\u00bbdefault\u00bb header_font=\u00bbneuemontreal-regular|500|||||||\u00bb header_text_align=\u00bbcenter\u00bb header_text_color=\u00bb#4d4d4c\u00bb header_font_size=\u00bb22px\u00bb header_line_height=\u00bb1.7em\u00bb max_width=\u00bb650px\u00bb module_alignment=\u00bbcenter\u00bb animation_direction=\u00bbbottom\u00bb scroll_vertical_motion_enable=\u00bbon\u00bb scroll_vertical_motion=\u00bb0|50|50|100|2|0|0&#8243; scroll_fade_enable=\u00bbon\u00bb motion_trigger_start=\u00bbtop\u00bb global_colors_info=\u00bb{}\u00bb]<\/p>\n<h1>Identidad de marca\u00a0 \u2022\u00a0 Estrategia\u00a0 \u2022\u00a0 Narrativa y relato<br \/>Packaging y Editorial\u00a0 \u2022\u00a0 Desarrollo Digital<\/h1>\n<p>[\/et_pb_text][\/et_pb_column][\/et_pb_row][\/et_pb_section][et_pb_section fb_built=\u00bb1&#8243; admin_label=\u00bbsection\u00bb module_id=\u00bbque-hacemos\u00bb _builder_version=\u00bb4.27.5&#8243; background_color=\u00bb#f2f2f2&#8243; custom_padding=\u00bb80px||||false|false\u00bb global_colors_info=\u00bb{}\u00bb][et_pb_row column_structure=\u00bb1_3,2_3&#8243; use_custom_gutter=\u00bbon\u00bb gutter_width=\u00bb1&#8243; admin_label=\u00bbrow\u00bb _builder_version=\u00bb4.27.5&#8243; background_size=\u00bbinitial\u00bb background_position=\u00bbtop_left\u00bb background_repeat=\u00bbrepeat\u00bb width=\u00bb100%\u00bb max_width=\u00bb96%\u00bb overflow-x=\u00bbhidden\u00bb global_colors_info=\u00bb{}\u00bb][et_pb_column type=\u00bb1_3&#8243; _builder_version=\u00bb4.27.5&#8243; custom_padding=\u00bb|||\u00bb scroll_fade_enable=\u00bbon\u00bb motion_trigger_start=\u00bbtop\u00bb global_colors_info=\u00bb{}\u00bb custom_padding__hover=\u00bb|||\u00bb][et_pb_text _builder_version=\u00bb4.27.5&#8243; _module_preset=\u00bbdefault\u00bb header_2_font=\u00bbnon-natural-grotreske-inktrap-bold|&#8211;et_global_heading_font_weight||on|||||\u00bb header_2_text_color=\u00bb#4d4d4c\u00bb header_2_font_size=\u00bb16px\u00bb custom_padding=\u00bb10px||||false|false\u00bb global_colors_info=\u00bb{}\u00bb]<\/p>\n<h2>(Qu\u00e9 Hacemos)<\/h2>\n<p>[\/et_pb_text][\/et_pb_column][et_pb_column type=\u00bb2_3&#8243; _builder_version=\u00bb4.27.5&#8243; custom_padding=\u00bb|||\u00bb scroll_horizontal_motion=\u00bb0|50|50|100|4|0|0&#8243; scroll_fade_enable=\u00bbon\u00bb motion_trigger_start=\u00bbtop\u00bb global_colors_info=\u00bb{}\u00bb custom_padding__hover=\u00bb|||\u00bb][et_pb_text _builder_version=\u00bb4.27.5&#8243; _module_preset=\u00bbdefault\u00bb header_font=\u00bbneuemontreal-regular||||||||\u00bb header_text_align=\u00bbcenter\u00bb header_font_size=\u00bb28px\u00bb header_line_height=\u00bb1.7em\u00bb header_2_font=\u00bbneuemontreal-regular||||||||\u00bb header_2_font_size=\u00bb60px\u00bb header_3_font=\u00bbneuemontreal-regular|500|||||||\u00bb header_3_text_color=\u00bb#4d4d4c\u00bb header_3_font_size=\u00bb50px\u00bb header_3_line_height=\u00bb1.3em\u00bb max_width=\u00bb800px\u00bb custom_margin=\u00bb||25px||false|false\u00bb custom_padding=\u00bb||||false|false\u00bb global_colors_info=\u00bb{}\u00bb]<\/p>\n<h3>Estrategia, identidad y experiencia de marca, trabajadas de forma integrada y consistente.<\/h3>\n<p>[\/et_pb_text][et_pb_text _builder_version=\u00bb4.27.5&#8243; _module_preset=\u00bbdefault\u00bb text_font=\u00bbneuemontreal-regular|500|||||||\u00bb text_font_size=\u00bb24px\u00bb text_line_height=\u00bb1.4em\u00bb header_font=\u00bbneuemontreal-regular||||||||\u00bb header_text_align=\u00bbcenter\u00bb header_font_size=\u00bb28px\u00bb header_line_height=\u00bb1.7em\u00bb header_2_font=\u00bbneuemontreal-regular||||||||\u00bb header_2_font_size=\u00bb60px\u00bb header_3_font=\u00bbneuemontreal-regular||||||||\u00bb header_3_text_color=\u00bb#4d4d4c\u00bb header_3_font_size=\u00bb50px\u00bb header_3_line_height=\u00bb1.3em\u00bb max_width=\u00bb800px\u00bb custom_margin=\u00bb||||false|false\u00bb custom_padding=\u00bb||||false|false\u00bb global_colors_info=\u00bb{}\u00bb]<\/p>\n<p>Desde hace m\u00e1s de quince a\u00f1os desarrollamos marcas integrales como sistemas donde estrategia, identidad y experiencia se articulan de manera coherente. Impulsadas por la curiosidad, incorporamos narrativa y storytelling en cada proceso. Combinamos pensamiento estrat\u00e9gico y creatividad art\u00edstica para desarrollar dise\u00f1os que evocan, transforman y perduran.<\/p>\n<p>[\/et_pb_text][\/et_pb_column][\/et_pb_row][\/et_pb_section][et_pb_section fb_built=\u00bb1&#8243; admin_label=\u00bbsection\u00bb module_id=\u00bbquienes-somos\u00bb _builder_version=\u00bb4.27.5&#8243; background_color=\u00bb#f2f2f2&#8243; min_height=\u00bb425px\u00bb custom_margin=\u00bb||||false|false\u00bb custom_padding=\u00bb||||false|false\u00bb global_colors_info=\u00bb{}\u00bb][et_pb_row column_structure=\u00bb1_4,3_4&#8243; admin_label=\u00bbrow\u00bb _builder_version=\u00bb4.27.5&#8243; background_size=\u00bbinitial\u00bb background_position=\u00bbtop_left\u00bb background_repeat=\u00bbrepeat\u00bb width=\u00bb100%\u00bb max_width=\u00bb96%\u00bb custom_padding=\u00bb0px||0px||false|false\u00bb scroll_fade_enable=\u00bbon\u00bb global_colors_info=\u00bb{}\u00bb][et_pb_column type=\u00bb1_4&#8243; _builder_version=\u00bb4.16&#8243; custom_padding=\u00bb|||\u00bb global_colors_info=\u00bb{}\u00bb custom_padding__hover=\u00bb|||\u00bb][et_pb_text _builder_version=\u00bb4.27.5&#8243; _module_preset=\u00bbdefault\u00bb header_2_font=\u00bbnon-natural-grotreske-inktrap-bold|&#8211;et_global_heading_font_weight||on|||||\u00bb header_2_text_color=\u00bb#4d4d4c\u00bb header_2_font_size=\u00bb16px\u00bb custom_padding=\u00bb10px||||false|false\u00bb global_colors_info=\u00bb{}\u00bb]<\/p>\n<h2>(Qui\u00e9nes somos)<\/h2>\n<p>[\/et_pb_text][et_pb_code _builder_version=\u00bb4.27.5&#8243; _module_preset=\u00bbdefault\u00bb global_colors_info=\u00bb{}\u00bb]<script type=\"text\/javascript\"><!-- [et_pb_line_break_holder] -->jQuery(document).ready(function($) {<!-- [et_pb_line_break_holder] -->    var $imageContainer = $('#quienes-somos-img');<!-- [et_pb_line_break_holder] -->    var $imgTag = $imageContainer.find('img');<!-- [et_pb_line_break_holder] --><!-- [et_pb_line_break_holder] -->    \/\/ Funci\u00f3n para mostrar la imagen de golpe<!-- [et_pb_line_break_holder] -->    function mostrarFoto(url) {<!-- [et_pb_line_break_holder] -->        \/\/ Cambiamos la fuente de la imagen<!-- [et_pb_line_break_holder] -->        $imgTag.attr('src', url).removeAttr('srcset');<!-- [et_pb_line_break_holder] -->        <!-- [et_pb_line_break_holder] -->        \/\/ La mostramos instant\u00e1neamente<!-- [et_pb_line_break_holder] -->        $imageContainer.show();<!-- [et_pb_line_break_holder] -->    }<!-- [et_pb_line_break_holder] --><!-- [et_pb_line_break_holder] -->    \/\/ Funci\u00f3n para ocultar la imagen de golpe<!-- [et_pb_line_break_holder] -->    function ocultarFoto() {<!-- [et_pb_line_break_holder] -->        $imageContainer.hide();<!-- [et_pb_line_break_holder] -->    }<!-- [et_pb_line_break_holder] --><!-- [et_pb_line_break_holder] -->    \/\/ --- Eventos para Coca Lyon ---<!-- [et_pb_line_break_holder] -->    $('#coca-lyon').on('mouseenter', function() {<!-- [et_pb_line_break_holder] -->        mostrarFoto('https:\/\/leondelmonte.cl\/nueva\/wp-content\/uploads\/2026\/02\/coca-lyon-1.jpg');<!-- [et_pb_line_break_holder] -->    }).on('mouseleave', function() {<!-- [et_pb_line_break_holder] -->        ocultarFoto();<!-- [et_pb_line_break_holder] -->    });<!-- [et_pb_line_break_holder] --><!-- [et_pb_line_break_holder] -->    \/\/ --- Eventos para Carmen Montt ---<!-- [et_pb_line_break_holder] -->    $('#carmen-montt').on('mouseenter', function() {<!-- [et_pb_line_break_holder] -->        mostrarFoto('https:\/\/leondelmonte.cl\/nueva\/wp-content\/uploads\/2026\/02\/test.jpg');<!-- [et_pb_line_break_holder] -->    }).on('mouseleave', function() {<!-- [et_pb_line_break_holder] -->        ocultarFoto();<!-- [et_pb_line_break_holder] -->    });<!-- [et_pb_line_break_holder] -->});<!-- [et_pb_line_break_holder] --><\/script>[\/et_pb_code][\/et_pb_column][et_pb_column type=\u00bb3_4&#8243; _builder_version=\u00bb4.16&#8243; custom_padding=\u00bb|||\u00bb global_colors_info=\u00bb{}\u00bb custom_padding__hover=\u00bb|||\u00bb][\/et_pb_column][\/et_pb_row][et_pb_row column_structure=\u00bb1_3,1_3,1_3&#8243; use_custom_gutter=\u00bbon\u00bb gutter_width=\u00bb1&#8243; make_equal=\u00bbon\u00bb module_id=\u00bbcoca-lyon\u00bb _builder_version=\u00bb4.27.5&#8243; _module_preset=\u00bbdefault\u00bb width=\u00bb100%\u00bb max_width=\u00bb96%\u00bb custom_margin=\u00bb||||false|false\u00bb custom_padding=\u00bb10px||10px||false|false\u00bb scroll_fade_enable=\u00bbon\u00bb motion_trigger_start=\u00bbtop\u00bb global_colors_info=\u00bb{}\u00bb][et_pb_column type=\u00bb1_3&#8243; _builder_version=\u00bb4.27.5&#8243; _module_preset=\u00bbdefault\u00bb custom_padding=\u00bb||||false|false\u00bb border_width_top=\u00bb1px\u00bb border_width_bottom=\u00bb1px\u00bb global_colors_info=\u00bb{}\u00bb][et_pb_text _builder_version=\u00bb4.27.5&#8243; _module_preset=\u00bbdefault\u00bb header_3_font=\u00bbnon-natural-grotreske-inktrap-bold|||on|||||\u00bb header_3_text_color=\u00bb#4d4d4c\u00bb header_3_font_size=\u00bb40px\u00bb custom_margin=\u00bb||||false|false\u00bb custom_padding=\u00bb15px||||false|false\u00bb header_3_letter_spacing_last_edited=\u00bboff|desktop\u00bb global_colors_info=\u00bb{}\u00bb header_3_text_color__hover_enabled=\u00bbon|hover\u00bb header_3_text_color__hover=\u00bb#E09900&#8243;]<\/p>\n<h3>Coca Lyon<\/h3>\n<p>[\/et_pb_text][\/et_pb_column][et_pb_column type=\u00bb1_3&#8243; _builder_version=\u00bb4.27.5&#8243; _module_preset=\u00bbdefault\u00bb custom_padding=\u00bb5px||||false|false\u00bb border_width_top=\u00bb1px\u00bb border_width_bottom=\u00bb1px\u00bb global_colors_info=\u00bb{}\u00bb][et_pb_text module_class=\u00bbtypewrite\u00bb _builder_version=\u00bb4.27.5&#8243; _module_preset=\u00bbdefault\u00bb text_font=\u00bbneuemontreal-regular||||||||\u00bb text_font_size=\u00bb22px\u00bb header_font=\u00bbneuemontreal-regular||||||||\u00bb header_text_align=\u00bbcenter\u00bb header_font_size=\u00bb28px\u00bb header_line_height=\u00bb1.7em\u00bb header_2_font=\u00bbneuemontreal-regular||||||||\u00bb header_2_font_size=\u00bb60px\u00bb header_3_font=\u00bbneuemontreal-regular||||||||\u00bb header_3_text_color=\u00bb#4d4d4c\u00bb header_3_font_size=\u00bb50px\u00bb header_3_line_height=\u00bb1.3em\u00bb custom_margin=\u00bb||||false|false\u00bb custom_padding=\u00bb15px||||false|false\u00bb global_colors_info=\u00bb{}\u00bb]<\/p>\n<p>Founder &amp; Creative Director<\/p>\n<p>[\/et_pb_text][\/et_pb_column][et_pb_column type=\u00bb1_3&#8243; _builder_version=\u00bb4.27.5&#8243; _module_preset=\u00bbdefault\u00bb custom_css_main_element=\u00bbwidth:20%;||max-width:250px;||margin-left:50px;\u00bb global_colors_info=\u00bb{}\u00bb][et_pb_image src=\u00bbhttps:\/\/leondelmonte.cl\/nueva\/wp-content\/uploads\/2026\/02\/coca-lyon.jpg\u00bb module_id=\u00bbquienes-somos-img\u00bb _builder_version=\u00bb4.27.5&#8243; _module_preset=\u00bbdefault\u00bb positioning=\u00bbabsolute\u00bb width=\u00bb100%\u00bb global_colors_info=\u00bb{}\u00bb][\/et_pb_image][\/et_pb_column][\/et_pb_row][et_pb_row column_structure=\u00bb1_3,1_3,1_3&#8243; use_custom_gutter=\u00bbon\u00bb gutter_width=\u00bb1&#8243; make_equal=\u00bbon\u00bb module_id=\u00bbcarmen-montt\u00bb _builder_version=\u00bb4.27.5&#8243; _module_preset=\u00bbdefault\u00bb width=\u00bb100%\u00bb max_width=\u00bb96%\u00bb custom_margin=\u00bb||||false|false\u00bb custom_padding=\u00bb0px||10px||false|false\u00bb scroll_fade_enable=\u00bbon\u00bb motion_trigger_start=\u00bbtop\u00bb global_colors_info=\u00bb{}\u00bb][et_pb_column type=\u00bb1_3&#8243; _builder_version=\u00bb4.27.5&#8243; _module_preset=\u00bbdefault\u00bb custom_padding=\u00bb||||false|false\u00bb border_width_bottom=\u00bb1px\u00bb global_colors_info=\u00bb{}\u00bb][et_pb_text _builder_version=\u00bb4.27.5&#8243; _module_preset=\u00bbdefault\u00bb header_3_font=\u00bbnon-natural-grotreske-inktrap-bold|700||on|||||\u00bb header_3_text_color=\u00bb#4d4d4c\u00bb header_3_font_size=\u00bb40px\u00bb custom_margin=\u00bb||||false|false\u00bb custom_padding=\u00bb5px||||false|false\u00bb header_3_letter_spacing_last_edited=\u00bboff|desktop\u00bb global_colors_info=\u00bb{}\u00bb header_3_text_color__hover_enabled=\u00bbon|hover\u00bb header_3_text_color__hover=\u00bb#E09900&#8243;]<\/p>\n<h3>Carmen montt<\/h3>\n<p>[\/et_pb_text][\/et_pb_column][et_pb_column type=\u00bb1_3&#8243; _builder_version=\u00bb4.27.5&#8243; _module_preset=\u00bbdefault\u00bb custom_padding=\u00bb5px||||false|false\u00bb border_width_bottom=\u00bb1px\u00bb global_colors_info=\u00bb{}\u00bb][et_pb_text module_class=\u00bbtypewrite\u00bb _builder_version=\u00bb4.27.5&#8243; _module_preset=\u00bbdefault\u00bb text_font=\u00bbneuemontreal-regular||||||||\u00bb text_font_size=\u00bb22px\u00bb header_font=\u00bbneuemontreal-regular||||||||\u00bb header_text_align=\u00bbcenter\u00bb header_font_size=\u00bb28px\u00bb header_line_height=\u00bb1.7em\u00bb header_2_font=\u00bbneuemontreal-regular||||||||\u00bb header_2_font_size=\u00bb60px\u00bb header_3_font=\u00bbneuemontreal-regular||||||||\u00bb header_3_text_color=\u00bb#4d4d4c\u00bb header_3_font_size=\u00bb50px\u00bb header_3_line_height=\u00bb1.3em\u00bb custom_margin=\u00bb||||false|false\u00bb custom_padding=\u00bb5px||||false|false\u00bb global_colors_info=\u00bb{}\u00bb]<\/p>\n<p>Founder &amp; Creative Director<\/p>\n<p>[\/et_pb_text][\/et_pb_column][et_pb_column type=\u00bb1_3&#8243; _builder_version=\u00bb4.27.5&#8243; _module_preset=\u00bbdefault\u00bb custom_css_main_element=\u00bbwidth:20%;||max-width:250px;||margin-left:50px;\u00bb global_colors_info=\u00bb{}\u00bb][\/et_pb_column][\/et_pb_row][\/et_pb_section][et_pb_section fb_built=\u00bb1&#8243; module_id=\u00bbclientes\u00bb _builder_version=\u00bb4.27.5&#8243; _module_preset=\u00bbdefault\u00bb background_color=\u00bb#f2f2f2&#8243; z_index=\u00bb2&#8243; custom_margin=\u00bb||||false|false\u00bb custom_padding=\u00bb100px||||false|false\u00bb sticky_position=\u00bbtop\u00bb sticky_limit_top=\u00bbbody\u00bb border_color_bottom=\u00bb#4d4d4c\u00bb global_colors_info=\u00bb{}\u00bb][et_pb_row admin_label=\u00bbrow\u00bb _builder_version=\u00bb4.27.5&#8243; background_size=\u00bbinitial\u00bb background_position=\u00bbtop_left\u00bb background_repeat=\u00bbrepeat\u00bb width=\u00bb100%\u00bb max_width=\u00bb96%\u00bb custom_padding=\u00bb0px||0px||false|false\u00bb scroll_fade_enable=\u00bbon\u00bb global_colors_info=\u00bb{}\u00bb][et_pb_column type=\u00bb4_4&#8243; _builder_version=\u00bb4.16&#8243; custom_padding=\u00bb|||\u00bb global_colors_info=\u00bb{}\u00bb custom_padding__hover=\u00bb|||\u00bb][et_pb_text _builder_version=\u00bb4.27.5&#8243; _module_preset=\u00bbdefault\u00bb header_2_font=\u00bbnon-natural-grotreske-inktrap-bold|&#8211;et_global_heading_font_weight||on|||||\u00bb header_2_text_color=\u00bb#4d4d4c\u00bb header_2_font_size=\u00bb16px\u00bb custom_padding=\u00bb10px||||false|false\u00bb global_colors_info=\u00bb{}\u00bb]<\/p>\n<h2>(Trabajamos con)<\/h2>\n<p>[\/et_pb_text][ba_logo_carousel animation_speed=\u00bb3000ms\u00bb autoplay_speed=\u00bb0ms\u00bb use_nav=\u00bboff\u00bb slide_count=\u00bb8&#8243; slide_spacing=\u00bb50px\u00bb css_transition=\u00bblinear\u00bb nav_height=\u00bb48px\u00bb nav_width=\u00bb48px\u00bb nav_color=\u00bb#ffffff\u00bb nav_bg=\u00bb#3979ff\u00bb icon_left=\u00bb&#xf104;||fa||900&#8243; icon_right=\u00bb&#xf105;||fa||900&#8243; logo_width=\u00bb150px\u00bb logo_hover=\u00bbno_hover\u00bb _builder_version=\u00bb4.27.5&#8243; _module_preset=\u00bbdefault\u00bb module_alignment=\u00bbcenter\u00bb filter_saturate=\u00bb0%\u00bb global_colors_info=\u00bb{}\u00bb][ba_logo_carousel_child logo=\u00bbhttps:\/\/leondelmonte.cl\/nueva\/wp-content\/uploads\/2026\/02\/explora.svg\u00bb _builder_version=\u00bb4.27.5&#8243; _module_preset=\u00bbdefault\u00bb global_colors_info=\u00bb{}\u00bb][\/ba_logo_carousel_child][ba_logo_carousel_child logo=\u00bbhttps:\/\/leondelmonte.cl\/nueva\/wp-content\/uploads\/2026\/02\/Group-38.svg\u00bb _builder_version=\u00bb4.27.5&#8243; _module_preset=\u00bbdefault\u00bb global_colors_info=\u00bb{}\u00bb][\/ba_logo_carousel_child][ba_logo_carousel_child logo=\u00bbhttps:\/\/leondelmonte.cl\/nueva\/wp-content\/uploads\/2026\/02\/Group-28.svg\u00bb _builder_version=\u00bb4.27.5&#8243; _module_preset=\u00bbdefault\u00bb global_colors_info=\u00bb{}\u00bb][\/ba_logo_carousel_child][ba_logo_carousel_child logo=\u00bbhttps:\/\/leondelmonte.cl\/nueva\/wp-content\/uploads\/2026\/02\/Group-39.svg\u00bb _builder_version=\u00bb4.27.5&#8243; _module_preset=\u00bbdefault\u00bb global_colors_info=\u00bb{}\u00bb][\/ba_logo_carousel_child][ba_logo_carousel_child logo=\u00bbhttps:\/\/leondelmonte.cl\/nueva\/wp-content\/uploads\/2026\/02\/Group-30.svg\u00bb _builder_version=\u00bb4.27.5&#8243; _module_preset=\u00bbdefault\u00bb global_colors_info=\u00bb{}\u00bb][\/ba_logo_carousel_child][ba_logo_carousel_child logo=\u00bbhttps:\/\/leondelmonte.cl\/nueva\/wp-content\/uploads\/2026\/02\/Group-42.svg\u00bb _builder_version=\u00bb4.27.5&#8243; _module_preset=\u00bbdefault\u00bb global_colors_info=\u00bb{}\u00bb][\/ba_logo_carousel_child][ba_logo_carousel_child logo=\u00bbhttps:\/\/leondelmonte.cl\/nueva\/wp-content\/uploads\/2026\/02\/Group-31.svg\u00bb _builder_version=\u00bb4.27.5&#8243; _module_preset=\u00bbdefault\u00bb global_colors_info=\u00bb{}\u00bb][\/ba_logo_carousel_child][ba_logo_carousel_child logo=\u00bbhttps:\/\/leondelmonte.cl\/nueva\/wp-content\/uploads\/2026\/02\/Group-25.svg\u00bb _builder_version=\u00bb4.27.5&#8243; _module_preset=\u00bbdefault\u00bb global_colors_info=\u00bb{}\u00bb][\/ba_logo_carousel_child][ba_logo_carousel_child logo=\u00bbhttps:\/\/leondelmonte.cl\/nueva\/wp-content\/uploads\/2026\/02\/Group-32.svg\u00bb _builder_version=\u00bb4.27.5&#8243; _module_preset=\u00bbdefault\u00bb global_colors_info=\u00bb{}\u00bb][\/ba_logo_carousel_child][ba_logo_carousel_child logo=\u00bbhttps:\/\/leondelmonte.cl\/nueva\/wp-content\/uploads\/2026\/02\/Group-33.svg\u00bb _builder_version=\u00bb4.27.5&#8243; _module_preset=\u00bbdefault\u00bb global_colors_info=\u00bb{}\u00bb][\/ba_logo_carousel_child][ba_logo_carousel_child logo=\u00bbhttps:\/\/leondelmonte.cl\/nueva\/wp-content\/uploads\/2026\/02\/Group.svg\u00bb _builder_version=\u00bb4.27.5&#8243; _module_preset=\u00bbdefault\u00bb global_colors_info=\u00bb{}\u00bb][\/ba_logo_carousel_child][ba_logo_carousel_child logo=\u00bbhttps:\/\/leondelmonte.cl\/nueva\/wp-content\/uploads\/2026\/02\/Vector.svg\u00bb _builder_version=\u00bb4.27.5&#8243; _module_preset=\u00bbdefault\u00bb global_colors_info=\u00bb{}\u00bb][\/ba_logo_carousel_child][ba_logo_carousel_child logo=\u00bbhttps:\/\/leondelmonte.cl\/nueva\/wp-content\/uploads\/2026\/02\/Group-35.svg\u00bb _builder_version=\u00bb4.27.5&#8243; _module_preset=\u00bbdefault\u00bb global_colors_info=\u00bb{}\u00bb][\/ba_logo_carousel_child][ba_logo_carousel_child logo=\u00bbhttps:\/\/leondelmonte.cl\/nueva\/wp-content\/uploads\/2026\/02\/Group-11.svg\u00bb _builder_version=\u00bb4.27.5&#8243; _module_preset=\u00bbdefault\u00bb global_colors_info=\u00bb{}\u00bb][\/ba_logo_carousel_child][ba_logo_carousel_child logo=\u00bbhttps:\/\/leondelmonte.cl\/nueva\/wp-content\/uploads\/2026\/02\/Group-16.svg\u00bb _builder_version=\u00bb4.27.5&#8243; _module_preset=\u00bbdefault\u00bb global_colors_info=\u00bb{}\u00bb][\/ba_logo_carousel_child][ba_logo_carousel_child logo=\u00bbhttps:\/\/leondelmonte.cl\/nueva\/wp-content\/uploads\/2026\/02\/Group-20.svg\u00bb _builder_version=\u00bb4.27.5&#8243; _module_preset=\u00bbdefault\u00bb global_colors_info=\u00bb{}\u00bb][\/ba_logo_carousel_child][ba_logo_carousel_child logo=\u00bbhttps:\/\/leondelmonte.cl\/nueva\/wp-content\/uploads\/2026\/02\/Group-40.svg\u00bb _builder_version=\u00bb4.27.5&#8243; _module_preset=\u00bbdefault\u00bb global_colors_info=\u00bb{}\u00bb][\/ba_logo_carousel_child][ba_logo_carousel_child logo=\u00bbhttps:\/\/leondelmonte.cl\/nueva\/wp-content\/uploads\/2026\/02\/Group-34.svg\u00bb _builder_version=\u00bb4.27.5&#8243; _module_preset=\u00bbdefault\u00bb global_colors_info=\u00bb{}\u00bb][\/ba_logo_carousel_child][ba_logo_carousel_child logo=\u00bbhttps:\/\/leondelmonte.cl\/nueva\/wp-content\/uploads\/2026\/02\/Group-41.svg\u00bb _builder_version=\u00bb4.27.5&#8243; _module_preset=\u00bbdefault\u00bb global_colors_info=\u00bb{}\u00bb][\/ba_logo_carousel_child][ba_logo_carousel_child logo=\u00bbhttps:\/\/leondelmonte.cl\/nueva\/wp-content\/uploads\/2026\/02\/Group-44.svg\u00bb _builder_version=\u00bb4.27.5&#8243; _module_preset=\u00bbdefault\u00bb global_colors_info=\u00bb{}\u00bb][\/ba_logo_carousel_child][\/ba_logo_carousel][\/et_pb_column][\/et_pb_row][\/et_pb_section]<\/p>\n","protected":false},"excerpt":{"rendered":"<p>Identidad de marca\u00a0 \u2022\u00a0 Estrategia\u00a0 \u2022\u00a0 Narrativa y relatoPackaging y Editorial\u00a0 \u2022\u00a0 Desarrollo Digital(Qu\u00e9 Hacemos)Estrategia, identidad y experiencia de marca, trabajadas de forma integrada y consistente.Desde hace m\u00e1s de quince a\u00f1os desarrollamos marcas integrales como sistemas donde estrategia, identidad y experiencia se articulan de manera coherente. Impulsadas por la curiosidad, incorporamos narrativa y storytelling en [&hellip;]<\/p>\n","protected":false},"author":1,"featured_media":0,"parent":0,"menu_order":0,"comment_status":"closed","ping_status":"closed","template":"","meta":{"_acf_changed":false,"_et_pb_use_builder":"on","_et_pb_old_content":"<!-- wp:divi\/placeholder \/-->","_et_gb_content_width":"","inline_featured_image":false,"footnotes":""},"class_list":["post-394","page","type-page","status-publish","hentry"],"acf":[],"_links":{"self":[{"href":"https:\/\/leondelmonte.cl\/en\/wp-json\/wp\/v2\/pages\/394","targetHints":{"allow":["GET"]}}],"collection":[{"href":"https:\/\/leondelmonte.cl\/en\/wp-json\/wp\/v2\/pages"}],"about":[{"href":"https:\/\/leondelmonte.cl\/en\/wp-json\/wp\/v2\/types\/page"}],"author":[{"embeddable":true,"href":"https:\/\/leondelmonte.cl\/en\/wp-json\/wp\/v2\/users\/1"}],"replies":[{"embeddable":true,"href":"https:\/\/leondelmonte.cl\/en\/wp-json\/wp\/v2\/comments?post=394"}],"version-history":[{"count":5,"href":"https:\/\/leondelmonte.cl\/en\/wp-json\/wp\/v2\/pages\/394\/revisions"}],"predecessor-version":[{"id":424,"href":"https:\/\/leondelmonte.cl\/en\/wp-json\/wp\/v2\/pages\/394\/revisions\/424"}],"wp:attachment":[{"href":"https:\/\/leondelmonte.cl\/en\/wp-json\/wp\/v2\/media?parent=394"}],"curies":[{"name":"wp","href":"https:\/\/api.w.org\/{rel}","templated":true}]}}